{"id":33,"date":"2014-11-11T15:43:44","date_gmt":"2014-11-11T14:43:44","guid":{"rendered":"http:\/\/bedizzano.com\/?page_id=33"},"modified":"2024-12-30T15:30:42","modified_gmt":"2024-12-30T15:30:42","slug":"la-storia","status":"publish","type":"page","link":"https:\/\/bedizzano.it\/index.php\/la-storia\/","title":{"rendered":"La Storia"},"content":{"rendered":"<p><em>Non \u00e8 solo il Presente ad unirci, ma anche e soprattutto il nostro Passato. Le nostre Origini e le nostre Radici affondano in questo paese, in questi Boschi e in queste Acque. E questo vale per tutti, anche per l&#8217;ultimo dei nuovi abitanti o per gli abitanti che devono ancora venire: perch\u00e9 la Storia si attacca ai muri delle Case, alle cortecce degl&#8217;Alberi e agli Oggetti ormai in disuso. La Storia non \u00e8 solo Conoscenza della mente, ma anche Esperienza in tutto ci\u00f2 che ci circonda. La Storia \u00e8 una Memoria che tramanda se stessa.<\/em><\/p>\n<p>&nbsp;<\/p>\n<p>Nelle <em>Tavole di Veleia<\/em> (I sec. d.C.) si legge: <strong>FUNDUM BITUTIANUM A TITO BETUTIO FUSCO<\/strong>; l&#8217;iscrizione indica un possedimento (uno dei tanti elencati nelle tavole) ed il suo assegnatario: <em>Betutio Fusco<\/em>, che diede il nome al fondo stesso: <em>Bitutianum<\/em>, poi <em>Bediolanum<\/em> e quindi <em>Bedizzano<\/em>.<\/p>\n<figure id=\"attachment_1949\" aria-describedby=\"caption-attachment-1949\" style=\"width: 300px\" class=\"wp-caption alignleft\"><img loading=\"lazy\" decoding=\"async\" class=\"wp-image-1949 size-medium\" src=\"https:\/\/bedizzano.it\/wp-content\/uploads\/2024\/12\/bedizzano_antico-disegno-1-300x240.jpg\" alt=\"\" width=\"300\" height=\"240\" srcset=\"https:\/\/bedizzano.it\/wp-content\/uploads\/2024\/12\/bedizzano_antico-disegno-1-300x240.jpg 300w, https:\/\/bedizzano.it\/wp-content\/uploads\/2024\/12\/bedizzano_antico-disegno-1-1024x819.jpg 1024w, https:\/\/bedizzano.it\/wp-content\/uploads\/2024\/12\/bedizzano_antico-disegno-1-768x614.jpg 768w, https:\/\/bedizzano.it\/wp-content\/uploads\/2024\/12\/bedizzano_antico-disegno-1-1536x1228.jpg 1536w, https:\/\/bedizzano.it\/wp-content\/uploads\/2024\/12\/bedizzano_antico-disegno-1-2048x1638.jpg 2048w\" sizes=\"auto, (max-width: 300px) 100vw, 300px\" \/><figcaption id=\"caption-attachment-1949\" class=\"wp-caption-text\">Disegno di Bedizzano del &#8216;600<\/figcaption><\/figure>\n<p>Oltre al vantaggio di essere vicino ai bacini marmiferi il poggio di Bedizzano aveva quello di essere circondato da <strong>boschi<\/strong> ed <strong>acque abbondanti<\/strong>: fattori, questi, che conferivano al luogo caratteristiche sufficienti ad ipotizzare uno sviluppo preromano. Certo \u00e8 che in epoca romana sia le sorgenti che i boschi (oltre naturalmente alle cave) divennero elementi molto importanti.<\/p>\n<p>Nel 1921, vicino al paese, venne alla luce una piccola <a title=\"Ara, altare in latino\" href=\"http:\/\/it.wikipedia.org\/wiki\/Altare#Religione_romana\" target=\"_blank\" rel=\"noopener\"><em>Ara Votiva<\/em><\/a>, risalente al I secolo d.C., in cui \u00e8 scritto che le acque del luogo erano sacre alle ninfe, a disposizione di tutti e regolate secondo le rigide norme dettate dal \u00ab<em>Curator Acquarum Titus Aumus Ameicimnus\u00bb<\/em>. Un&#8217;altra <em>Ara<\/em> scavata nei castagneti recava scritte dedicate al dio <a href=\"http:\/\/it.wikipedia.org\/wiki\/Silvano_(divinit%C3%A0)\" target=\"_blank\" rel=\"noopener\"><em>Silvanus<\/em> <\/a>e ad <em>Artemide<\/em>: <strong>divinit\u00e0 dei boschi e delle montagne<\/strong>. Questi piccoli ma importanti documenti testimoniano la cura e la considerazione in cui erano tenuti boschi e sorgenti.<\/p>\n<p>Queste caratteristiche ambientali dovettero assicurare al borgo una discreta vitalit\u00e0 anche nei secoli bui susseguenti alla caduta dell&#8217;Impero Romano. La prima citazione del paese avviene proprio in epoca medievale nel 1035 ed \u00e8 contenuta in un documento in cui si parla di boschi: particolare che rivela la continuit\u00e0 di una economia silvo-pastorale. Ma la ripresa del marmo, iniziata nel secolo seguente, cominci\u00f2 a rivificare l&#8217;altra antica fonte di ricchezza della quale il paese aveva goduto in epoca romana. Da un documento del 1430 si apprende che alcuni degli operatori pi\u00f9 abili e noti del settore marmifero erano\u00a0\u00ab<em>de Beditiano<\/em>\u00bb e rispondevano ai nomi di\u00a0\u00ab<em>Pelliccia, Guido di Antonio de Marco, Agostino de Mor<\/em>o\u00bb. Pochi anni dopo, nel 1490, l&#8217;elenco dei <em>Maestri del Marmo<\/em> conteneva ben 5 bedizzanesi.<\/p>\n<p>L&#8217;attivit\u00e0 legata al marmo, per\u00f2, non distoglieva parte della comunit\u00e0 dalla ostinata e redditizia selvicoltura; dalla lettura di alcuni documenti si rivela che, per antica consuetudine, i <strong>boschi<\/strong> continuavano ad essere considerati pi\u00f9 degli agri marmiferi. Negli <em>Estimi del XVI secolo<\/em>, ad esempio, si legge:\u00a0\u00ab<em>Vicinia Bedizano, cum boschum et agra cum Silvanis usque ad marmorum&#8230;<\/em>\u00bb. Da questa sia pur rapida \u00ab<em>identificatione de Bedizano<\/em>\u00bb sembra quasi che la zona del marmo, che la <strong>Vicinanza<\/strong> possedeva in buona estensione, fosse considerata come un semplice fattore aggiuntivo e complementare alla ricchezza degli agri boschivi.<\/p>\n<p>Questo non escusivo ed assoluto legame con le cave giov\u00f2 al paese anche da un punto di vista ambientale: il verde abbondante , la quiete, la freschezza del clima estivo, l&#8217;abbondanza di selve e di acque, indussero i Cybo Malaspina ed altre famiglie della nascente nobilt\u00e0 locale a trascorre a Bedizzano edificanti periodi di vacanze e, per conseguenza, a costruirvi dimore decorose: il palazzotto del Principe e gli edifici che circondano piazza Fratelli Bonucelli ne sono un estremo avanzo. Nel 1602 Alberico, scrivendo al napoletano Duca della Tripolda, dipingeva cos\u00ec Bedizzano:\u00a0\u00ab110 fuochi, si trova in colle amenissimo con molte fonti e giardini e boschi di castagno. Ha Miseglia contro&#8230;\u00bb. Il fatto che lo stesso Alberico frequentasse il paese incoraggiava sempre di pi\u00f9 una certa affluenza di nobilt\u00e0: gli Schizzi, i Del Medico, i Luciani contribuirono all&#8217;abbellimento ed al prestigio della <strong>Vicinanza<\/strong>.<\/p>\n<p>Nel 1564 la chiesa di San Genesio fu elevata a sede parrocchiale e, quindi, arricchita di preziose opera d&#8217;arte; pochi anni dopo fu iniziata la costruzione del grandioso Oratorio della Madonna della Piet\u00e0 per cura di Carlo I e con il contributo di molti nobili, come i conti Schizzi. Tutto ci\u00f2, naturalmente, influiva positivamente anche sullo sviluppo demografico del paese: nel 1602 il <em>Liber Focorum<\/em> assegna a Bedizzano <em>83 fuochi<\/em> (cio\u00e8 nuclei familiari) e nel 1759 il <em>Liber Hominum<\/em> contava ben 871 anime, dato che faceva della <strong>Vicinanza<\/strong> la pi\u00f9 abitata della valle dopo Carrara (2334 abitanti) e Moneta (885).<\/p>\n<figure id=\"attachment_1950\" aria-describedby=\"caption-attachment-1950\" style=\"width: 300px\" class=\"wp-caption alignright\"><img loading=\"lazy\" decoding=\"async\" class=\"wp-image-1950 size-medium\" src=\"https:\/\/bedizzano.it\/wp-content\/uploads\/2024\/12\/aq-bedizzano-300x190.jpg\" alt=\"\" width=\"300\" height=\"190\" srcset=\"https:\/\/bedizzano.it\/wp-content\/uploads\/2024\/12\/aq-bedizzano-300x190.jpg 300w, https:\/\/bedizzano.it\/wp-content\/uploads\/2024\/12\/aq-bedizzano-1024x648.jpg 1024w, https:\/\/bedizzano.it\/wp-content\/uploads\/2024\/12\/aq-bedizzano-768x486.jpg 768w, https:\/\/bedizzano.it\/wp-content\/uploads\/2024\/12\/aq-bedizzano-1536x972.jpg 1536w, https:\/\/bedizzano.it\/wp-content\/uploads\/2024\/12\/aq-bedizzano.jpg 1613w\" sizes=\"auto, (max-width: 300px) 100vw, 300px\" \/><figcaption id=\"caption-attachment-1950\" class=\"wp-caption-text\">Bedizzano ad inizio &#8216;900<\/figcaption><\/figure>\n<p>Per secoli la vita del paese si svolse tranquilla. Verso la fine dell&#8217;800 la frazione, e le sue vicinanze, furono spesso teatro di violente manifestazioni di inquietudine sociale (famosi i <em><strong>Fatti del Padre Eterno<\/strong><\/em> &#8211; 1888 &#8211; ed i conseguenti processi che ebbero eco in tutta Italia).<\/p>\n<p>Durante l&#8217;ultima guerra mondiale Bedizzano ebbe quasi il 60 per cento delle case distrutte.<\/p>\n<p>Illustri bedizzanesi furono <strong><em>Angelo Pelliccia<\/em><\/strong> (1791-1883), medico, filosofo, patriota molto noto ed attivo nella vita culturale, scientifica e politica del suo tempo; e <em>Giovanni Morelli<\/em> (XVII sec.) che per conto di Alberico II condusse attenti studi geologici sulle montagne alle spalle di Massa, dove attiv\u00f2 le prime cave.<\/p>\n<p>&nbsp;<\/p>\n<p>I cenni storici sopra riportati sono tratti dal puntuale affresco del paese tratteggiato\u00a0da <strong><em>Beniamino Gemignani<\/em><\/strong> nel suo libro <em><strong>&#8220;Carrara e la sua Gente &#8211; Vol. II&#8221;<\/strong><\/em><\/p>\n","protected":false},"excerpt":{"rendered":"<p>Non \u00e8 solo il Presente ad unirci, ma anche e soprattutto il nostro Passato. Le nostre Origini e le nostre Radici affondano in questo paese, in questi Boschi e in queste Acque. E questo vale per tutti, anche per l&#8217;ultimo dei nuovi abitanti o per gli abitanti che devono ancora venire: perch\u00e9 la Storia si&hellip;&nbsp;<a href=\"https:\/\/bedizzano.it\/index.php\/la-storia\/\" rel=\"bookmark\"><span class=\"screen-reader-text\">La Storia<\/span><\/a><\/p>\n","protected":false},"author":2,"featured_media":0,"parent":0,"menu_order":1,"comment_status":"open","ping_status":"open","template":"","meta":{"neve_meta_sidebar":"","neve_meta_container":"","neve_meta_enable_content_width":"","neve_meta_content_width":0,"neve_meta_title_alignment":"","neve_meta_author_avatar":"","neve_post_elements_order":"","neve_meta_disable_header":"","neve_meta_disable_footer":"","neve_meta_disable_title":"","footnotes":""},"class_list":["post-33","page","type-page","status-publish","hentry"],"_links":{"self":[{"href":"https:\/\/bedizzano.it\/index.php\/wp-json\/wp\/v2\/pages\/33","targetHints":{"allow":["GET"]}}],"collection":[{"href":"https:\/\/bedizzano.it\/index.php\/wp-json\/wp\/v2\/pages"}],"about":[{"href":"https:\/\/bedizzano.it\/index.php\/wp-json\/wp\/v2\/types\/page"}],"author":[{"embeddable":true,"href":"https:\/\/bedizzano.it\/index.php\/wp-json\/wp\/v2\/users\/2"}],"replies":[{"embeddable":true,"href":"https:\/\/bedizzano.it\/index.php\/wp-json\/wp\/v2\/comments?post=33"}],"version-history":[{"count":2,"href":"https:\/\/bedizzano.it\/index.php\/wp-json\/wp\/v2\/pages\/33\/revisions"}],"predecessor-version":[{"id":1951,"href":"https:\/\/bedizzano.it\/index.php\/wp-json\/wp\/v2\/pages\/33\/revisions\/1951"}],"wp:attachment":[{"href":"https:\/\/bedizzano.it\/index.php\/wp-json\/wp\/v2\/media?parent=33"}],"curies":[{"name":"wp","href":"https:\/\/api.w.org\/{rel}","templated":true}]}}