{"id":65,"date":"2014-11-11T17:43:37","date_gmt":"2014-11-11T16:43:37","guid":{"rendered":"http:\/\/bedizzano.com\/?page_id=65"},"modified":"2024-12-30T15:30:29","modified_gmt":"2024-12-30T15:30:29","slug":"visita-al-paese","status":"publish","type":"page","link":"https:\/\/bedizzano.it\/index.php\/il-paese-2\/visita-al-paese\/","title":{"rendered":"Visita al Paese"},"content":{"rendered":"<p><strong>&#8220;Nessun posto \u00e8 bello come casa mia&#8221;<\/strong><\/p>\n<p><em>Il Paese \u00e8 la nostra casa, i boschi intorno sono il nostro giardino e la piazza \u00e8 il nostro salotto. Il paese \u00e8 la nostra casa, teniamola pulita e ordinata. Il paese \u00e8 la nostra casa, accogliamo chi viene a farci visita con il riguardo che si riserva a un ospite gradito. Il paese \u00e8 la nostra casa, i suoi abitanti sono la nostra famiglia e la nostra famiglia \u00e8 il nostro cuore. Sorridiamo pi\u00f9 spesso a chi abbiamo di fronte e guardiamo pi\u00f9 spesso il cielo stellato. Costruiamo un paese migliore per il domani, il paesaggio che vedranno gli occhi dei nostri figli quando saranno vecchi.<\/em><\/p>\n<p>&nbsp;<\/p>\n<div class=\"nv-iframe-embed\"><iframe loading=\"lazy\" title=\"Bedizzano - Carrara\" width=\"1200\" height=\"675\" src=\"https:\/\/www.youtube.com\/embed\/PLVKhQWqQ54?feature=oembed\" frameborder=\"0\" allow=\"accelerometer; autoplay; clipboard-write; encrypted-media; gyroscope; picture-in-picture; web-share\" referrerpolicy=\"strict-origin-when-cross-origin\" allowfullscreen><\/iframe><\/div>\n","protected":false},"excerpt":{"rendered":"<p>&#8220;Nessun posto \u00e8 bello come casa mia&#8221; Il Paese \u00e8 la nostra casa, i boschi intorno sono il nostro giardino e la piazza \u00e8 il nostro salotto. Il paese \u00e8 la nostra casa, teniamola pulita e ordinata. Il paese \u00e8 la nostra casa, accogliamo chi viene a farci visita con il riguardo che si riserva&hellip;&nbsp;<a href=\"https:\/\/bedizzano.it\/index.php\/il-paese-2\/visita-al-paese\/\" rel=\"bookmark\"><span class=\"screen-reader-text\">Visita al Paese<\/span><\/a><\/p>\n","protected":false},"author":2,"featured_media":0,"parent":1711,"menu_order":2,"comment_status":"open","ping_status":"open","template":"","meta":{"neve_meta_sidebar":"","neve_meta_container":"","neve_meta_enable_content_width":"","neve_meta_content_width":0,"neve_meta_title_alignment":"","neve_meta_author_avatar":"","neve_post_elements_order":"","neve_meta_disable_header":"","neve_meta_disable_footer":"","neve_meta_disable_title":"","footnotes":""},"class_list":["post-65","page","type-page","status-publish","hentry"],"_links":{"self":[{"href":"https:\/\/bedizzano.it\/index.php\/wp-json\/wp\/v2\/pages\/65","targetHints":{"allow":["GET"]}}],"collection":[{"href":"https:\/\/bedizzano.it\/index.php\/wp-json\/wp\/v2\/pages"}],"about":[{"href":"https:\/\/bedizzano.it\/index.php\/wp-json\/wp\/v2\/types\/page"}],"author":[{"embeddable":true,"href":"https:\/\/bedizzano.it\/index.php\/wp-json\/wp\/v2\/users\/2"}],"replies":[{"embeddable":true,"href":"https:\/\/bedizzano.it\/index.php\/wp-json\/wp\/v2\/comments?post=65"}],"version-history":[{"count":3,"href":"https:\/\/bedizzano.it\/index.php\/wp-json\/wp\/v2\/pages\/65\/revisions"}],"predecessor-version":[{"id":1965,"href":"https:\/\/bedizzano.it\/index.php\/wp-json\/wp\/v2\/pages\/65\/revisions\/1965"}],"up":[{"embeddable":true,"href":"https:\/\/bedizzano.it\/index.php\/wp-json\/wp\/v2\/pages\/1711"}],"wp:attachment":[{"href":"https:\/\/bedizzano.it\/index.php\/wp-json\/wp\/v2\/media?parent=65"}],"curies":[{"name":"wp","href":"https:\/\/api.w.org\/{rel}","templated":true}]}}